{"id":3,"date":"2020-09-24T01:28:59","date_gmt":"2020-09-23T23:28:59","guid":{"rendered":"http:\/\/cdn.camerlogistics.com\/?page_id=3"},"modified":"2020-11-27T19:19:00","modified_gmt":"2020-11-27T18:19:00","slug":"vie-privee","status":"publish","type":"page","link":"https:\/\/www.camerlogistics.com\/de\/vie-privee\/","title":{"rendered":"Datenschutz"},"content":{"rendered":"<div data-elementor-type=\"wp-page\" data-elementor-id=\"3\" class=\"elementor elementor-3\" data-elementor-settings=\"[]\">\n\t\t\t\t\t\t<div class=\"elementor-inner\">\n\t\t\t\t\t\t\t<div class=\"elementor-section-wrap\">\n\t\t\t\t\t\t\t<section class=\"elementor-section elementor-top-section elementor-element elementor-element-63e84365 elementor-section-boxed elementor-section-height-default elementor-section-height-default\" data-id=\"63e84365\" data-element_type=\"section\">\n\t\t\t\t\t\t<div class=\"elementor-container elementor-column-gap-default\">\n\t\t\t\t\t\t\t<div class=\"elementor-row\">\n\t\t\t\t\t<div class=\"elementor-column elementor-col-100 elementor-top-column elementor-element elementor-element-4db05c5a\" data-id=\"4db05c5a\" data-element_type=\"column\">\n\t\t\t<div class=\"elementor-column-wrap elementor-element-populated\">\n\t\t\t\t\t\t\t<div class=\"elementor-widget-wrap\">\n\t\t\t\t\t\t<div class=\"elementor-element elementor-element-572f5878 elementor-widget elementor-widget-text-editor\" data-id=\"572f5878\" data-element_type=\"widget\" data-widget_type=\"text-editor.default\">\n\t\t\t\t<div class=\"elementor-widget-container\">\n\t\t\t\t\t<div class=\"elementor-text-editor elementor-clearfix\"><h2 _msthash=\"6057103\" _msttexthash=\"241059\">Qui nous sommes<\/h2>\n<p _msthash=\"6002243\" _msttexthash=\"1919047\">Notre adresse web est: http:\/\/cdn.camerlogistics.com.<\/p>\n<h2 _msthash=\"6062563\" _msttexthash=\"4056598\">Quelles donn\u00e9es personnelles nous recueillons et pourquoi nous les recueillons<\/h2>\n<h3 _msthash=\"6066632\" _msttexthash=\"206843\">Commentaires<\/h3>\n<p _msthash=\"6010355\" _msttexthash=\"68258489\">Lorsque les visiteurs laissent des commentaires sur le site, nous recueillons les donn\u00e9es affich\u00e9es dans le formulaire de commentaires, ainsi que l\u2019adresse IP du visiteur et la cha\u00eene d\u2019agents utilisateur du navigateur pour aider \u00e0 la d\u00e9tection des pourriels.<\/p>\n<p _msthash=\"6066424\" _msttexthash=\"92402947\">Une cha\u00eene anonymis\u00e9e cr\u00e9\u00e9e \u00e0 partir de votre adresse e-mail (\u00e9galement appel\u00e9e hachage) peut \u00eatre fournie au service Gravatar pour voir si vous l\u2019utilisez. La politique de confidentialit\u00e9 du service Gravatar est disponible ici : https:\/\/automattic.com\/privacy\/. Apr\u00e8s approbation de votre commentaire, votre photo de profil est visible au public dans le contexte de votre commentaire.<\/p>\n<h3 _msthash=\"6128720\" _msttexthash=\"88400\">M\u00e9dias<\/h3>\n<p _msthash=\"6071884\" _msttexthash=\"66628146\">Si vous t\u00e9l\u00e9chargez des images sur le site Web, vous devez \u00e9viter de t\u00e9l\u00e9charger des images avec des donn\u00e9es de localisation int\u00e9gr\u00e9es (EXIF GPS) incluses. Les visiteurs du site web peuvent t\u00e9l\u00e9charger et extraire toutes les donn\u00e9es de localisation \u00e0 partir d\u2019images sur le site Web.<\/p>\n<h3 _msthash=\"6134232\" _msttexthash=\"455338\">Formulaires de contact<\/h3>\n<h3 _msthash=\"6136988\" _msttexthash=\"94744\">Cookies<\/h3>\n<p _msthash=\"6067776\" _msttexthash=\"68821428\">Si vous laissez un commentaire sur notre site, vous pouvez vous opter pour enregistrer votre nom, adresse e-mail et site Web dans les cookies. Ceux-ci sont pour votre commodit\u00e9 de sorte que vous n\u2019avez pas \u00e0 remplir vos coordonn\u00e9es \u00e0 nouveau lorsque vous laissez un autre commentaire. Ces cookies dureront un an.<\/p>\n<p _msthash=\"6070506\" _msttexthash=\"30703777\">Si vous visitez notre page de connexion, nous d\u00e9finirons un cookie temporaire pour d\u00e9terminer si votre navigateur accepte les cookies. Ce cookie ne contient pas de donn\u00e9es personnelles et est rejet\u00e9 lorsque vous fermez votre navigateur.<\/p>\n<p _msthash=\"6073236\" _msttexthash=\"164389511\">Lorsque vous vous connectez, nous configurerons \u00e9galement plusieurs cookies pour enregistrer vos informations de connexion et vos choix d\u2019affichage d\u2019\u00e9cran. Les cookies de connexion durent deux jours et les cookies d\u2019options d\u2019\u00e9cran durent un an. Si vous s\u00e9lectionnez \u00ab Remember Me \u00bb, votre connexion persistera pendant deux semaines. Si vous vous d\u00e9connectez de votre compte, les cookies de connexion seront supprim\u00e9s.<\/p>\n<p _msthash=\"6075966\" _msttexthash=\"71173843\">Si vous modifiez ou publiez un article, un cookie suppl\u00e9mentaire sera enregistr\u00e9 dans votre navigateur. Ce cookie ne contient pas de donn\u00e9es personnelles et indique simplement l\u2019iD de publication de l\u2019article que vous venez de modifier. Il expire apr\u00e8s 1 jour.<\/p>\n<h3 _msthash=\"6138353\" _msttexthash=\"4744441\">Contenu int\u00e9gr\u00e9 provenant d\u2019autres sites Web<\/h3>\n<p _msthash=\"6069128\" _msttexthash=\"64111593\">Les articles sur ce site peuvent inclure du contenu int\u00e9gr\u00e9 (p. ex. vid\u00e9os, images, articles, etc.). Le contenu int\u00e9gr\u00e9 provenant d\u2019autres sites Web se comporte exactement de la m\u00eame mani\u00e8re que si le visiteur avait visit\u00e9 l\u2019autre site Web.<\/p>\n<p _msthash=\"6071858\" _msttexthash=\"51636533\">Ces sites Web peuvent recueillir des donn\u00e9es vous concernant, utiliser des cookies, int\u00e9grer un suivi tiers suppl\u00e9mentaire et surveiller votre interaction avec ce contenu int\u00e9gr\u00e9, y compris le suivi de votre interaction avec le contenu int\u00e9gr\u00e9 si vous avez un compte et que vous \u00eates connect\u00e9 \u00e0 ce site Web.<\/p>\n<h3 _msthash=\"6134206\" _msttexthash=\"160277\">Analytique<\/h3>\n<h2 _msthash=\"6135623\" _msttexthash=\"1022125\">Avec qui nous partageons vos donn\u00e9es<\/h2>\n<h2 _msthash=\"6138379\" _msttexthash=\"1448915\">Combien de temps nous conservons vos donn\u00e9es<\/h2>\n<p _msthash=\"6070480\" _msttexthash=\"67529618\">Si vous laissez un commentaire, le commentaire et ses m\u00e9tadonn\u00e9es sont conserv\u00e9s ind\u00e9finiment. C\u2019est pour que nous puissions reconna\u00eetre et approuver tous les commentaires de suivi automatiquement au lieu de les tenir dans une file d\u2019attente de mod\u00e9ration.<\/p>\n<p _msthash=\"6073210\" _msttexthash=\"191391772\">Pour les utilisateurs qui s\u2019inscrivent sur notre site Web (le cas \u00e9ch\u00e9ant), nous stockons \u00e9galement les renseignements personnels qu\u2019ils fournissent dans leur profil d\u2019utilisateur. Tous les utilisateurs peuvent voir, modifier ou supprimer leurs informations personnelles \u00e0 tout moment (sauf qu\u2019ils ne peuvent pas changer leur nom d\u2019utilisateur). Les administrateurs de sites Web peuvent \u00e9galement voir et modifier ces informations.<\/p>\n<h2 _msthash=\"6134233\" _msttexthash=\"1136304\">Quels droits avez-vous sur vos donn\u00e9es<\/h2>\n<p _msthash=\"6078670\" _msttexthash=\"154348922\">Si vous avez un compte sur ce site, ou si vous avez laiss\u00e9 des commentaires, vous pouvez demander \u00e0 recevoir un fichier export\u00e9 des donn\u00e9es personnelles que nous d\u00e9tenons \u00e0 votre sujet, y compris toutes les donn\u00e9es que vous nous avez fournies. Vous pouvez \u00e9galement demander que nous effa\u00e7ions toutes les donn\u00e9es personnelles que nous d\u00e9tenons \u00e0 votre sujet. Cela n\u2019inclut aucune donn\u00e9e que nous sommes tenus de conserver \u00e0 des fins administratives, juridiques ou de s\u00e9curit\u00e9.<\/p>\n<h2 _msthash=\"6139744\" _msttexthash=\"697177\">O\u00f9 nous envoyons vos donn\u00e9es<\/h2>\n<p _msthash=\"6071832\" _msttexthash=\"23492573\">Les commentaires des visiteurs peuvent \u00eatre v\u00e9rifi\u00e9s par l\u2019interm\u00e9diaire d\u2019un service automatis\u00e9 de d\u00e9tection des pourriels.<\/p>\n<h2 _msthash=\"6132841\" _msttexthash=\"294554\">Vos coordonn\u00e9es<\/h2>\n<h2 _msthash=\"6135597\" _msttexthash=\"795340\">Informations compl\u00e9mentaires<\/h2>\n<h3 _msthash=\"6139692\" _msttexthash=\"1065181\">Comment nous prot\u00e9geons vos donn\u00e9es<\/h3>\n<h3 _msthash=\"6142448\" _msttexthash=\"2542423\">Quelles proc\u00e9dures de violation de donn\u00e9es nous avons en place<\/h3>\n<h3 _msthash=\"6132789\" _msttexthash=\"1177735\">Quels tiers nous recevons des donn\u00e9es de<\/h3>\n<h3 _msthash=\"6135545\" _msttexthash=\"6173323\">Quelle prise de d\u00e9cision automatis\u00e9e et\/ou profilage nous faisons avec les donn\u00e9es des utilisateurs<\/h3>\n<h4 _msthash=\"6138301\" _msttexthash=\"6830759\">Exigences de divulgation r\u00e9glementaire de l\u2019industrie<\/h4><\/div>\n\t\t\t\t<\/div>\n\t\t\t\t<\/div>\n\t\t\t\t\t\t<\/div>\n\t\t\t\t\t<\/div>\n\t\t<\/div>\n\t\t\t\t\t\t\t\t<\/div>\n\t\t\t\t\t<\/div>\n\t\t<\/section>\n\t\t\t\t\t\t<\/div>\n\t\t\t\t\t\t<\/div>\n\t\t\t\t\t<\/div>","protected":false},"excerpt":{"rendered":"<p>Qui nous sommes Notre adresse web est: http:\/\/cdn.camerlogistics.com. Quelles donn\u00e9es personnelles nous recueillons et pourquoi nous les recueillons Commentaires Lorsque les visiteurs laissent des commentaires sur le site, nous recueillons les donn\u00e9es affich\u00e9es dans le formulaire de commentaires, ainsi que l\u2019adresse IP du visiteur et la cha\u00eene d\u2019agents utilisateur du [&hellip;]<\/p>","protected":false},"author":1,"featured_media":0,"parent":0,"menu_order":0,"comment_status":"closed","ping_status":"open","template":"","meta":[],"_links":{"self":[{"href":"https:\/\/www.camerlogistics.com\/de\/wp-json\/wp\/v2\/pages\/3"}],"collection":[{"href":"https:\/\/www.camerlogistics.com\/de\/wp-json\/wp\/v2\/pages"}],"about":[{"href":"https:\/\/www.camerlogistics.com\/de\/wp-json\/wp\/v2\/types\/page"}],"author":[{"embeddable":true,"href":"https:\/\/www.camerlogistics.com\/de\/wp-json\/wp\/v2\/users\/1"}],"replies":[{"embeddable":true,"href":"https:\/\/www.camerlogistics.com\/de\/wp-json\/wp\/v2\/comments?post=3"}],"version-history":[{"count":4,"href":"https:\/\/www.camerlogistics.com\/de\/wp-json\/wp\/v2\/pages\/3\/revisions"}],"predecessor-version":[{"id":4448,"href":"https:\/\/www.camerlogistics.com\/de\/wp-json\/wp\/v2\/pages\/3\/revisions\/4448"}],"wp:attachment":[{"href":"https:\/\/www.camerlogistics.com\/de\/wp-json\/wp\/v2\/media?parent=3"}],"curies":[{"name":"wp","href":"https:\/\/api.w.org\/{rel}","templated":true}]}}