{"id":4377,"date":"2020-09-25T17:51:48","date_gmt":"2020-09-25T15:51:48","guid":{"rendered":"https:\/\/www.camerlogistics.com\/?page_id=4377"},"modified":"2020-11-27T15:00:02","modified_gmt":"2020-11-27T14:00:02","slug":"academie","status":"publish","type":"page","link":"https:\/\/www.camerlogistics.com\/de\/academie\/","title":{"rendered":"Akademie"},"content":{"rendered":"<div id=\"attachment_4429\" style=\"width: 327px\" class=\"wp-caption alignleft\"><img aria-describedby=\"caption-attachment-4429\" loading=\"lazy\" src=\"https:\/\/www.camerlogistics.com\/wp-content\/uploads\/2020\/11\/Academie-CamerLogistics-300x229.png\" alt=\"Graduation\" class=\"wp-image-4429\" width=\"317\" height=\"242\" srcset=\"https:\/\/www.camerlogistics.com\/wp-content\/uploads\/2020\/11\/Academie-CamerLogistics-300x229.png 300w, https:\/\/www.camerlogistics.com\/wp-content\/uploads\/2020\/11\/Academie-CamerLogistics-1024x782.png 1024w, https:\/\/www.camerlogistics.com\/wp-content\/uploads\/2020\/11\/Academie-CamerLogistics-768x587.png 768w, https:\/\/www.camerlogistics.com\/wp-content\/uploads\/2020\/11\/Academie-CamerLogistics.png 1280w\" sizes=\"(max-width: 317px) 100vw, 317px\" \/><p id=\"caption-attachment-4429\" class=\"wp-caption-text\">Graduation CamerLogistics<\/p><\/div>\n<p>Pour \u00eatre competitive dans une \u00e9conomie croissante, il faudrait assurer la rel\u00e8ve en formant la jeunesse et\u00a0 surtout positionner son \u00e9conomie \u00e0 l&rsquo;international. Gr\u00e2ce \u00e0 l&rsquo;Academie CamerLogistics, la jeune Africaine recevra une formation professionnelle et certifi\u00e9e dans les domaines suivantes:<\/p>\n<ul>\n<li>Transport et Logistique<\/li>\n<li>Technologie en Magasinage<\/li>\n<li>Comptabilit\u00e9 en Logistique et Transport<\/li>\n<li>Douane &amp; Commerce international<\/li>\n<\/ul>\n<p>Gr\u00e2ce \u00e0 nos partenaires, nos \u00e9tudiants auront la possibilit\u00e9s acquerir les stages professionnels leur permettant de d\u00e9couvrir leur future m\u00e9tier. Puisque l&rsquo;Afrique est le continent de l&rsquo;avenir, CamerLogistics sera une voix de formation pour la jeune Africaine. Ceci aura pour objectif de professionnaliser le domaine Transport et Logistique.<\/p>\n<p>Si vous souhaitez faire partir du projet <strong>Academie CamerLogistics<\/strong> ou \u00eatre partenaire, \u00e9crivez nous \u00e0 l&rsquo;adresse \u00e9lectronique suivante: <a href=\"\/de\/logistic@camerlogistics.com\/\">logistic@camerlogistics.com <\/a><\/p>","protected":false},"excerpt":{"rendered":"<p>Pour \u00eatre competitive dans une \u00e9conomie croissante, il faudrait assurer la rel\u00e8ve en formant la jeunesse et\u00a0 surtout positionner son \u00e9conomie \u00e0 l&rsquo;international. Gr\u00e2ce \u00e0 l&rsquo;Academie CamerLogistics, la jeune Africaine recevra une formation professionnelle et certifi\u00e9e dans les domaines suivantes: Transport et Logistique Technologie en Magasinage Comptabilit\u00e9 en Logistique et [&hellip;]<\/p>","protected":false},"author":2,"featured_media":0,"parent":0,"menu_order":0,"comment_status":"closed","ping_status":"closed","template":"","meta":[],"_links":{"self":[{"href":"https:\/\/www.camerlogistics.com\/de\/wp-json\/wp\/v2\/pages\/4377"}],"collection":[{"href":"https:\/\/www.camerlogistics.com\/de\/wp-json\/wp\/v2\/pages"}],"about":[{"href":"https:\/\/www.camerlogistics.com\/de\/wp-json\/wp\/v2\/types\/page"}],"author":[{"embeddable":true,"href":"https:\/\/www.camerlogistics.com\/de\/wp-json\/wp\/v2\/users\/2"}],"replies":[{"embeddable":true,"href":"https:\/\/www.camerlogistics.com\/de\/wp-json\/wp\/v2\/comments?post=4377"}],"version-history":[{"count":7,"href":"https:\/\/www.camerlogistics.com\/de\/wp-json\/wp\/v2\/pages\/4377\/revisions"}],"predecessor-version":[{"id":4434,"href":"https:\/\/www.camerlogistics.com\/de\/wp-json\/wp\/v2\/pages\/4377\/revisions\/4434"}],"wp:attachment":[{"href":"https:\/\/www.camerlogistics.com\/de\/wp-json\/wp\/v2\/media?parent=4377"}],"curies":[{"name":"wp","href":"https:\/\/api.w.org\/{rel}","templated":true}]}}