{"id":4342,"date":"2020-09-25T01:43:23","date_gmt":"2020-09-24T23:43:23","guid":{"rendered":"https:\/\/www.camerlogistics.com\/?page_id=4342"},"modified":"2020-11-27T19:27:21","modified_gmt":"2020-11-27T18:27:21","slug":"a-propos","status":"publish","type":"page","link":"https:\/\/www.camerlogistics.com\/en\/a-propos\/","title":{"rendered":"About"},"content":{"rendered":"<div data-elementor-type=\"wp-page\" data-elementor-id=\"4342\" class=\"elementor elementor-4342\" data-elementor-settings=\"[]\">\n\t\t\t\t\t\t<div class=\"elementor-inner\">\n\t\t\t\t\t\t\t<div class=\"elementor-section-wrap\">\n\t\t\t\t\t\t\t<section class=\"elementor-section elementor-top-section elementor-element elementor-element-16d81a36 elementor-section-boxed elementor-section-height-default elementor-section-height-default\" data-id=\"16d81a36\" data-element_type=\"section\">\n\t\t\t\t\t\t<div class=\"elementor-container elementor-column-gap-default\">\n\t\t\t\t\t\t\t<div class=\"elementor-row\">\n\t\t\t\t\t<div class=\"elementor-column elementor-col-100 elementor-top-column elementor-element elementor-element-236486d9\" data-id=\"236486d9\" data-element_type=\"column\">\n\t\t\t<div class=\"elementor-column-wrap elementor-element-populated\">\n\t\t\t\t\t\t\t<div class=\"elementor-widget-wrap\">\n\t\t\t\t\t\t<div class=\"elementor-element elementor-element-2354e46a elementor-widget elementor-widget-text-editor\" data-id=\"2354e46a\" data-element_type=\"widget\" data-widget_type=\"text-editor.default\">\n\t\t\t\t<div class=\"elementor-widget-container\">\n\t\t\t\t\t<div class=\"elementor-text-editor elementor-clearfix\"><h5><strong>Plate-forme: <a href=\"https:\/\/www.camerlogistics.com\/en\/\"><\/a><a href=\"https:\/\/www.camerlogistics.com\/en\/\">www.camerlogistics.com <\/a><\/strong><\/h5><h5><strong>Plate-forme Logistique et Expedition internationale a \u00e9t\u00e9 \u00e9labor\u00e9e pour permettre \u00e0 sa client\u00e8le pour vous \u00e0 obtenir un service partout o\u00f9 vous \u00eatre soit en Afrique ou partout o\u00f9 vous \u00eates ddans le reste du monde. CamerLogistics utilise les nouveaux termes du Commercial international \u00e0 travers les contrats avec ses partenaires commerciaux pourque le service soit rendu en toute qualit\u00e9&#8230; Le Repr\u00e9sentant CamerLogistics Europe MTA Business cr\u00e9\u00e9 d\u00e9puis 2006 \u00e0 Berlin en Allemagne, ass\u00fbre toutes les prestations de CamerLogistics:<\/strong><\/h5><p>MTA Logistics<\/p><p>www.mta-business.de<\/p><p>Gro\u00dfkopfStr.6\/7<\/p><p>13403 Berlin-Deutschland<\/p><p>Email:service@mta-business.de<\/p><p>Whp-Phone: +491774699336<\/p><\/div>\n\t\t\t\t<\/div>\n\t\t\t\t<\/div>\n\t\t\t\t\t\t<\/div>\n\t\t\t\t\t<\/div>\n\t\t<\/div>\n\t\t\t\t\t\t\t\t<\/div>\n\t\t\t\t\t<\/div>\n\t\t<\/section>\n\t\t\t\t\t\t<\/div>\n\t\t\t\t\t\t<\/div>\n\t\t\t\t\t<\/div>","protected":false},"excerpt":{"rendered":"<p>Plate-forme: www.camerlogistics.com Plate-forme Logistique et Expedition internationale a \u00e9t\u00e9 \u00e9labor\u00e9e pour permettre \u00e0 sa client\u00e8le pour vous \u00e0 obtenir un service partout o\u00f9 vous \u00eatre soit en Afrique ou partout o\u00f9 vous \u00eates ddans le reste du monde. CamerLogistics utilise les nouveaux termes du Commercial international \u00e0 travers les contrats [&hellip;]<\/p>","protected":false},"author":1,"featured_media":0,"parent":0,"menu_order":0,"comment_status":"closed","ping_status":"closed","template":"","meta":[],"_links":{"self":[{"href":"https:\/\/www.camerlogistics.com\/en\/wp-json\/wp\/v2\/pages\/4342"}],"collection":[{"href":"https:\/\/www.camerlogistics.com\/en\/wp-json\/wp\/v2\/pages"}],"about":[{"href":"https:\/\/www.camerlogistics.com\/en\/wp-json\/wp\/v2\/types\/page"}],"author":[{"embeddable":true,"href":"https:\/\/www.camerlogistics.com\/en\/wp-json\/wp\/v2\/users\/1"}],"replies":[{"embeddable":true,"href":"https:\/\/www.camerlogistics.com\/en\/wp-json\/wp\/v2\/comments?post=4342"}],"version-history":[{"count":4,"href":"https:\/\/www.camerlogistics.com\/en\/wp-json\/wp\/v2\/pages\/4342\/revisions"}],"predecessor-version":[{"id":4449,"href":"https:\/\/www.camerlogistics.com\/en\/wp-json\/wp\/v2\/pages\/4342\/revisions\/4449"}],"wp:attachment":[{"href":"https:\/\/www.camerlogistics.com\/en\/wp-json\/wp\/v2\/media?parent=4342"}],"curies":[{"name":"wp","href":"https:\/\/api.w.org\/{rel}","templated":true}]}}