{"id":4355,"date":"2020-09-25T02:00:54","date_gmt":"2020-09-25T00:00:54","guid":{"rendered":"https:\/\/www.camerlogistics.com\/?page_id=4355"},"modified":"2020-11-26T20:25:22","modified_gmt":"2020-11-26T19:25:22","slug":"import-export","status":"publish","type":"page","link":"https:\/\/www.camerlogistics.com\/en\/import-export\/","title":{"rendered":"Import\/Export"},"content":{"rendered":"<p _msthash=\"488761\" _msttexthash=\"199265248\"><img loading=\"lazy\" src=\"https:\/\/www.camerlogistics.com\/wp-content\/uploads\/2020\/09\/CamerLogistics-Acceuil-logistics-c-3125131_1920-300x182.jpg\" alt=\"\" class=\"size-medium wp-image-4303 alignleft\" width=\"300\" height=\"182\" srcset=\"https:\/\/www.camerlogistics.com\/wp-content\/uploads\/2020\/09\/CamerLogistics-Acceuil-logistics-c-3125131_1920-300x182.jpg 300w, https:\/\/www.camerlogistics.com\/wp-content\/uploads\/2020\/09\/CamerLogistics-Acceuil-logistics-c-3125131_1920-1024x621.jpg 1024w, https:\/\/www.camerlogistics.com\/wp-content\/uploads\/2020\/09\/CamerLogistics-Acceuil-logistics-c-3125131_1920-768x466.jpg 768w, https:\/\/www.camerlogistics.com\/wp-content\/uploads\/2020\/09\/CamerLogistics-Acceuil-logistics-c-3125131_1920-1536x931.jpg 1536w, https:\/\/www.camerlogistics.com\/wp-content\/uploads\/2020\/09\/CamerLogistics-Acceuil-logistics-c-3125131_1920.jpg 1920w\" sizes=\"(max-width: 300px) 100vw, 300px\" \/>Pour r\u00e9pondre aux questions sur l\u2019importation ou l\u2019exportation dans le cadre d&rsquo;echange mondial, c\u2019est-\u00e0-dire pour aider les entreprises \u00e0 se d\u00e9velopper dans le secteur o\u00f9 elles se trouvent, <strong>CAMERLOGISTICS<\/strong> vous aide et place votre entreprise au c\u0153ur du commerce mondial par le biais de son Supply chain. En tant qu\u2019entreprise professionnelle et internationale, <strong>CAMERLOGISTICS<\/strong> peut fournir \u00e0 ses partenaires une large gamme de produits aux normes internationales.<\/p>\n<p>CamerLOGISTICS recherche ainsi pour ses clients partenaires toutes sortes de produits, contr\u00f4le la qualit\u00e9, n\u00e9gocie, transf\u00e8re et livre dans un d\u00e9lai pr\u00e9cis selon le contrat fix\u00e9.\u00a0 Les \u00e9quipements suivants peuvent \u00eatre fournis:<\/p>\n<ul>\n<li _msthash=\"489567\" _msttexthash=\"294606910\">machines industrielles neuves ou de seconde-main<\/li>\n<li _msthash=\"489567\" _msttexthash=\"294606910\">Appereils \u00e9lectroniques comme GPS- Vehicules<\/li>\n<li _msthash=\"489567\" _msttexthash=\"294606910\">Toutes sortes de brouettes Cran et autres outils<\/li>\n<li _msthash=\"489567\" _msttexthash=\"294606910\">Appareils agroalimentaires<\/li>\n<li _msthash=\"489567\" _msttexthash=\"294606910\">Objets m\u00e9dicaux\u00a0 ouMateriaux de construction<\/li>\n<\/ul>\n<p _msthash=\"489567\" _msttexthash=\"294606910\">Cette liste reste toutefois exhaustive, car <strong>CAMERLOGISTICS<\/strong> peut \u00e9galement trouver pour tous les fabricants les produits d\u00e9sir\u00e9s \u00e0 vendre, nous n\u00e9gocions et importons ou exportons. Nous nous occupons du transit, du d\u00e9douanement, du stockage, de la logistique, de la livraison , la gestion compl\u00e8te ou partielle de la cha\u00eene d\u2019approvisionnement.<\/p>\n<p _msthash=\"489970\" _msttexthash=\"5830747\">Pour plus d\u2019informations, veuillez nous contacter<a href=\"mailto:logistic@camerlogistics.com\" _istranslated=\"1\"><span>\u00a0<\/span>: logistic@camerlogistics.com<\/a><\/p>","protected":false},"excerpt":{"rendered":"<p>Pour r\u00e9pondre aux questions sur l\u2019importation ou l\u2019exportation dans le cadre d&rsquo;echange mondial, c\u2019est-\u00e0-dire pour aider les entreprises \u00e0 se d\u00e9velopper dans le secteur o\u00f9 elles se trouvent, CAMERLOGISTICS vous aide et place votre entreprise au c\u0153ur du commerce mondial par le biais de son Supply chain. En tant qu\u2019entreprise [&hellip;]<\/p>","protected":false},"author":1,"featured_media":0,"parent":0,"menu_order":0,"comment_status":"closed","ping_status":"closed","template":"","meta":[],"_links":{"self":[{"href":"https:\/\/www.camerlogistics.com\/en\/wp-json\/wp\/v2\/pages\/4355"}],"collection":[{"href":"https:\/\/www.camerlogistics.com\/en\/wp-json\/wp\/v2\/pages"}],"about":[{"href":"https:\/\/www.camerlogistics.com\/en\/wp-json\/wp\/v2\/types\/page"}],"author":[{"embeddable":true,"href":"https:\/\/www.camerlogistics.com\/en\/wp-json\/wp\/v2\/users\/1"}],"replies":[{"embeddable":true,"href":"https:\/\/www.camerlogistics.com\/en\/wp-json\/wp\/v2\/comments?post=4355"}],"version-history":[{"count":9,"href":"https:\/\/www.camerlogistics.com\/en\/wp-json\/wp\/v2\/pages\/4355\/revisions"}],"predecessor-version":[{"id":4412,"href":"https:\/\/www.camerlogistics.com\/en\/wp-json\/wp\/v2\/pages\/4355\/revisions\/4412"}],"wp:attachment":[{"href":"https:\/\/www.camerlogistics.com\/en\/wp-json\/wp\/v2\/media?parent=4355"}],"curies":[{"name":"wp","href":"https:\/\/api.w.org\/{rel}","templated":true}]}}